{"id":3595,"date":"2021-02-26T17:41:35","date_gmt":"2021-02-26T16:41:35","guid":{"rendered":"https:\/\/www.cacbgi.cat\/?page_id=3595"},"modified":"2021-04-27T14:54:06","modified_gmt":"2021-04-27T12:54:06","slug":"emissaris-submarins","status":"publish","type":"page","link":"https:\/\/cacbgi.framegirona.dev\/es\/serveis\/emissaris-submarins\/","title":{"rendered":""},"content":{"rendered":"<div data-elementor-type=\"wp-page\" data-elementor-id=\"3595\" class=\"elementor elementor-3595\" data-elementor-post-type=\"page\">\n\t\t\t\t\t\t<section data-particle_enable=\"false\" data-particle-mobile-disabled=\"false\" class=\"elementor-section elementor-top-section elementor-element elementor-element-53a2ce95 elementor-section-boxed elementor-section-height-default elementor-section-height-default\" data-id=\"53a2ce95\" data-element_type=\"section\" data-e-type=\"section\" data-settings=\"{&quot;background_background&quot;:&quot;classic&quot;}\">\n\t\t\t\t\t\t<div class=\"elementor-container elementor-column-gap-default\">\n\t\t\t\t\t<div data-dce-background-color=\"#009DE2\" class=\"elementor-column elementor-col-50 elementor-top-column elementor-element elementor-element-56a9eae1\" data-id=\"56a9eae1\" data-element_type=\"column\" data-e-type=\"column\" data-settings=\"{&quot;background_background&quot;:&quot;classic&quot;}\">\n\t\t\t<div class=\"elementor-widget-wrap elementor-element-populated\">\n\t\t\t\t\t\t<div data-dce-text-color=\"#FFFFFF\" class=\"elementor-element elementor-element-5e875a51 elementor-widget elementor-widget-text-editor\" data-id=\"5e875a51\" data-element_type=\"widget\" data-e-type=\"widget\" data-widget_type=\"text-editor.default\">\n\t\t\t\t<div class=\"elementor-widget-container\">\n\t\t\t\t\t\t\t\t\t<p><strong>Emisarios submarinos<\/strong><\/p>\t\t\t\t\t\t\t\t<\/div>\n\t\t\t\t<\/div>\n\t\t\t\t\t<\/div>\n\t\t<\/div>\n\t\t\t\t<div data-dce-background-color=\"#009DE2\" class=\"elementor-column elementor-col-50 elementor-top-column elementor-element elementor-element-10acf78a\" data-id=\"10acf78a\" data-element_type=\"column\" data-e-type=\"column\" data-settings=\"{&quot;background_background&quot;:&quot;classic&quot;}\">\n\t\t\t<div class=\"elementor-widget-wrap\">\n\t\t\t\t\t\t\t<\/div>\n\t\t<\/div>\n\t\t\t\t\t<\/div>\n\t\t<\/section>\n\t\t\t\t<section data-particle_enable=\"false\" data-particle-mobile-disabled=\"false\" class=\"elementor-section elementor-top-section elementor-element elementor-element-56e69010 elementor-section-boxed elementor-section-height-default elementor-section-height-default\" data-id=\"56e69010\" data-element_type=\"section\" data-e-type=\"section\">\n\t\t\t\t\t\t<div class=\"elementor-container elementor-column-gap-default\">\n\t\t\t\t\t<div data-dce-background-color=\"#FFFFFF\" class=\"elementor-column elementor-col-100 elementor-top-column elementor-element elementor-element-7a4b94ac\" data-id=\"7a4b94ac\" data-element_type=\"column\" data-e-type=\"column\" data-settings=\"{&quot;background_background&quot;:&quot;classic&quot;}\">\n\t\t\t<div class=\"elementor-widget-wrap elementor-element-populated\">\n\t\t\t\t\t\t<section data-particle_enable=\"false\" data-particle-mobile-disabled=\"false\" class=\"elementor-section elementor-inner-section elementor-element elementor-element-4d34dfed elementor-section-boxed elementor-section-height-default elementor-section-height-default\" data-id=\"4d34dfed\" data-element_type=\"section\" data-e-type=\"section\">\n\t\t\t\t\t\t<div class=\"elementor-container elementor-column-gap-default\">\n\t\t\t\t\t<div class=\"elementor-column elementor-col-50 elementor-inner-column elementor-element elementor-element-4fd6b25f\" data-id=\"4fd6b25f\" data-element_type=\"column\" data-e-type=\"column\">\n\t\t\t<div class=\"elementor-widget-wrap elementor-element-populated\">\n\t\t\t\t\t\t<div class=\"elementor-element elementor-element-7c525025 elementor-widget elementor-widget-text-editor\" data-id=\"7c525025\" data-element_type=\"widget\" data-e-type=\"widget\" data-widget_type=\"text-editor.default\">\n\t\t\t\t<div class=\"elementor-widget-container\">\n\t\t\t\t\t\t\t\t\t<div class=\"col-lg-12 col-xl-5\"><p class=\"text-justify\">S\u00f3n infraestructures subaqu\u00e0tiques que permeten abocar al mar les aig\u00fces de sortida de les EDARs. Aquest proc\u00e9s es realitza per a facilitar la desinfecci\u00f3 de l\u2019aigua mitjan\u00e7ant les aig\u00fces marines.<\/p><p class=\"text-justify\">La salinitat, temperatura, radiaci\u00f3 ultraviolada i els corrents marins contribueixen en el proc\u00e9s f\u00edsic, qu\u00edmic i biol\u00f2gic que permetr\u00e0 incrementar la seva qualitat, reduint aix\u00ed el seu impacte ambiental.<\/p><p class=\"text-justify pt-3\">El Consorci d&#8217;Aig\u00fces de la Costa Brava Girona disposa de 15 emissaris submarins:<\/p><dl><dt><strong>Alt Empord\u00e0:<\/strong><\/dt><dd>Llan\u00e7\u00e0, El Port de la Selva, Cadaqu\u00e9s (2) , Roses i l\u2019Escala.<\/dd><dt><strong>Baix Empord\u00e0:<\/strong><\/dt><dd>Sa Riera (Begur), Sa Tuna (Begur), Fornells (Begur), Tamariu (Palafrugell), el Castell (Palam\u00f3s) i Platja d\u2019Aro.<\/dd><dt><strong>La Selva:<\/strong><\/dt><dd>Lloret de Mar, Canyelles (Lloret) i Blanes.<\/dd><\/dl><\/div>\t\t\t\t\t\t\t\t<\/div>\n\t\t\t\t<\/div>\n\t\t\t\t\t<\/div>\n\t\t<\/div>\n\t\t\t\t<div class=\"elementor-column elementor-col-50 elementor-inner-column elementor-element elementor-element-44e11ce\" data-id=\"44e11ce\" data-element_type=\"column\" data-e-type=\"column\">\n\t\t\t<div class=\"elementor-widget-wrap elementor-element-populated\">\n\t\t\t\t\t\t<div class=\"elementor-element elementor-element-397584da elementor-widget elementor-widget-gallery\" data-id=\"397584da\" data-element_type=\"widget\" data-e-type=\"widget\" data-settings=\"{&quot;columns&quot;:1,&quot;lazyload&quot;:&quot;yes&quot;,&quot;gallery_layout&quot;:&quot;grid&quot;,&quot;columns_tablet&quot;:2,&quot;columns_mobile&quot;:1,&quot;gap&quot;:{&quot;unit&quot;:&quot;px&quot;,&quot;size&quot;:10,&quot;sizes&quot;:[]},&quot;gap_tablet&quot;:{&quot;unit&quot;:&quot;px&quot;,&quot;size&quot;:10,&quot;sizes&quot;:[]},&quot;gap_mobile&quot;:{&quot;unit&quot;:&quot;px&quot;,&quot;size&quot;:10,&quot;sizes&quot;:[]},&quot;link_to&quot;:&quot;file&quot;,&quot;aspect_ratio&quot;:&quot;3:2&quot;,&quot;overlay_background&quot;:&quot;yes&quot;,&quot;content_hover_animation&quot;:&quot;fade-in&quot;}\" data-widget_type=\"gallery.default\">\n\t\t\t\t<div class=\"elementor-widget-container\">\n\t\t\t\t\t\t\t<div class=\"elementor-gallery__container\">\n\t\t\t\t\t\t\t<a class=\"e-gallery-item elementor-gallery-item elementor-animated-content\" href=\"https:\/\/cacbgi.framegirona.dev\/wp-content\/uploads\/2021\/02\/Emissari-emacbsa-3.545bedaf.jpg\" data-elementor-open-lightbox=\"yes\" data-elementor-lightbox-slideshow=\"397584da\" data-elementor-lightbox-title=\"Emissari-emacbsa-3.545bedaf\" data-e-action-hash=\"#elementor-action%3Aaction%3Dlightbox%26settings%3DeyJpZCI6MzU5MCwidXJsIjoiaHR0cHM6XC9cL2NhY2JnaS5mcmFtZWdpcm9uYS5kZXZcL3dwLWNvbnRlbnRcL3VwbG9hZHNcLzIwMjFcLzAyXC9FbWlzc2FyaS1lbWFjYnNhLTMuNTQ1YmVkYWYuanBnIiwic2xpZGVzaG93IjoiMzk3NTg0ZGEifQ%3D%3D\">\n\t\t\t\t\t<div class=\"e-gallery-image elementor-gallery-item__image\" data-thumbnail=\"https:\/\/cacbgi.framegirona.dev\/wp-content\/uploads\/2021\/02\/Emissari-emacbsa-3.545bedaf-300x200.jpg\" data-width=\"300\" data-height=\"200\" aria-label=\"\" role=\"img\" ><\/div>\n\t\t\t\t\t\t\t\t\t\t\t<div class=\"elementor-gallery-item__overlay\"><\/div>\n\t\t\t\t\t\t\t\t\t\t\t\t\t\t<\/a>\n\t\t\t\t\t\t\t<a class=\"e-gallery-item elementor-gallery-item elementor-animated-content\" href=\"https:\/\/cacbgi.framegirona.dev\/wp-content\/uploads\/2021\/02\/Emissari-emacbsa.774d7350.jpg\" data-elementor-open-lightbox=\"yes\" data-elementor-lightbox-slideshow=\"397584da\" data-elementor-lightbox-title=\"Emissari-emacbsa.774d7350\" data-e-action-hash=\"#elementor-action%3Aaction%3Dlightbox%26settings%3DeyJpZCI6MzU4OSwidXJsIjoiaHR0cHM6XC9cL2NhY2JnaS5mcmFtZWdpcm9uYS5kZXZcL3dwLWNvbnRlbnRcL3VwbG9hZHNcLzIwMjFcLzAyXC9FbWlzc2FyaS1lbWFjYnNhLjc3NGQ3MzUwLmpwZyIsInNsaWRlc2hvdyI6IjM5NzU4NGRhIn0%3D\">\n\t\t\t\t\t<div class=\"e-gallery-image elementor-gallery-item__image\" data-thumbnail=\"https:\/\/cacbgi.framegirona.dev\/wp-content\/uploads\/2021\/02\/Emissari-emacbsa.774d7350-300x200.jpg\" data-width=\"300\" data-height=\"200\" aria-label=\"\" role=\"img\" ><\/div>\n\t\t\t\t\t\t\t\t\t\t\t<div class=\"elementor-gallery-item__overlay\"><\/div>\n\t\t\t\t\t\t\t\t\t\t\t\t\t\t<\/a>\n\t\t\t\t\t<\/div>\n\t\t\t\t\t<\/div>\n\t\t\t\t<\/div>\n\t\t\t\t\t<\/div>\n\t\t<\/div>\n\t\t\t\t\t<\/div>\n\t\t<\/section>\n\t\t\t\t\t<\/div>\n\t\t<\/div>\n\t\t\t\t\t<\/div>\n\t\t<\/section>\n\t\t\t\t<section data-particle_enable=\"false\" data-particle-mobile-disabled=\"false\" class=\"elementor-section elementor-top-section elementor-element elementor-element-21aa1be0 elementor-section-boxed elementor-section-height-default elementor-section-height-default\" data-id=\"21aa1be0\" data-element_type=\"section\" data-e-type=\"section\">\n\t\t\t\t\t\t<div class=\"elementor-container elementor-column-gap-default\">\n\t\t\t\t\t<div data-dce-background-color=\"#FFFFFF\" class=\"elementor-column elementor-col-100 elementor-top-column elementor-element elementor-element-2b518060\" data-id=\"2b518060\" data-element_type=\"column\" data-e-type=\"column\" data-settings=\"{&quot;background_background&quot;:&quot;classic&quot;}\">\n\t\t\t<div class=\"elementor-widget-wrap elementor-element-populated\">\n\t\t\t\t\t\t<div class=\"elementor-element elementor-element-56fe3d36 elementor-widget-divider--view-line elementor-widget elementor-widget-divider\" data-id=\"56fe3d36\" data-element_type=\"widget\" data-e-type=\"widget\" data-widget_type=\"divider.default\">\n\t\t\t\t<div class=\"elementor-widget-container\">\n\t\t\t\t\t\t\t<div class=\"elementor-divider\">\n\t\t\t<span class=\"elementor-divider-separator\">\n\t\t\t\t\t\t<\/span>\n\t\t<\/div>\n\t\t\t\t\t\t<\/div>\n\t\t\t\t<\/div>\n\t\t\t\t\t<\/div>\n\t\t<\/div>\n\t\t\t\t\t<\/div>\n\t\t<\/section>\n\t\t\t\t<\/div>","protected":false},"excerpt":{"rendered":"<p>Emissaris submarins S\u00f3n infraestructures subaqu\u00e0tiques que permeten abocar al mar les aig\u00fces de sortida de les EDARs. Aquest proc\u00e9s es realitza per a facilitar la desinfecci\u00f3 de l\u2019aigua mitjan\u00e7ant les aig\u00fces marines. La salinitat, temperatura, radiaci\u00f3 ultraviolada i els corrents marins contribueixen en el proc\u00e9s f\u00edsic, qu\u00edmic i biol\u00f2gic que permetr\u00e0 incrementar la seva qualitat, [&hellip;]<\/p>\n","protected":false},"author":2,"featured_media":0,"parent":33,"menu_order":0,"comment_status":"closed","ping_status":"closed","template":"","meta":{"_acf_changed":false,"footnotes":""},"class_list":["post-3595","page","type-page","status-publish","hentry"],"acf":[],"_links":{"self":[{"href":"https:\/\/cacbgi.framegirona.dev\/es\/wp-json\/wp\/v2\/pages\/3595","targetHints":{"allow":["GET"]}}],"collection":[{"href":"https:\/\/cacbgi.framegirona.dev\/es\/wp-json\/wp\/v2\/pages"}],"about":[{"href":"https:\/\/cacbgi.framegirona.dev\/es\/wp-json\/wp\/v2\/types\/page"}],"author":[{"embeddable":true,"href":"https:\/\/cacbgi.framegirona.dev\/es\/wp-json\/wp\/v2\/users\/2"}],"replies":[{"embeddable":true,"href":"https:\/\/cacbgi.framegirona.dev\/es\/wp-json\/wp\/v2\/comments?post=3595"}],"version-history":[{"count":22,"href":"https:\/\/cacbgi.framegirona.dev\/es\/wp-json\/wp\/v2\/pages\/3595\/revisions"}],"predecessor-version":[{"id":9016,"href":"https:\/\/cacbgi.framegirona.dev\/es\/wp-json\/wp\/v2\/pages\/3595\/revisions\/9016"}],"up":[{"embeddable":true,"href":"https:\/\/cacbgi.framegirona.dev\/es\/wp-json\/wp\/v2\/pages\/33"}],"wp:attachment":[{"href":"https:\/\/cacbgi.framegirona.dev\/es\/wp-json\/wp\/v2\/media?parent=3595"}],"curies":[{"name":"wp","href":"https:\/\/api.w.org\/{rel}","templated":true}]}}