{"id":3623,"date":"2021-02-26T18:06:50","date_gmt":"2021-02-26T17:06:50","guid":{"rendered":"https:\/\/www.cacbgi.cat\/?page_id=3623"},"modified":"2021-04-27T14:55:59","modified_gmt":"2021-04-27T12:55:59","slug":"depuracio","status":"publish","type":"page","link":"https:\/\/cacbgi.framegirona.dev\/es\/serveis\/depuracio\/","title":{"rendered":""},"content":{"rendered":"<div data-elementor-type=\"wp-page\" data-elementor-id=\"3623\" class=\"elementor elementor-3623\" data-elementor-post-type=\"page\">\n\t\t\t\t\t\t<section data-particle_enable=\"false\" data-particle-mobile-disabled=\"false\" class=\"elementor-section elementor-top-section elementor-element elementor-element-53a2ce95 elementor-section-boxed elementor-section-height-default elementor-section-height-default\" data-id=\"53a2ce95\" data-element_type=\"section\" data-e-type=\"section\" data-settings=\"{&quot;background_background&quot;:&quot;classic&quot;}\">\n\t\t\t\t\t\t<div class=\"elementor-container elementor-column-gap-default\">\n\t\t\t\t\t<div data-dce-background-color=\"#009DE2\" class=\"elementor-column elementor-col-50 elementor-top-column elementor-element elementor-element-56a9eae1\" data-id=\"56a9eae1\" data-element_type=\"column\" data-e-type=\"column\" data-settings=\"{&quot;background_background&quot;:&quot;classic&quot;}\">\n\t\t\t<div class=\"elementor-widget-wrap elementor-element-populated\">\n\t\t\t\t\t\t<div data-dce-text-color=\"#FFFFFF\" class=\"elementor-element elementor-element-5e875a51 elementor-widget elementor-widget-text-editor\" data-id=\"5e875a51\" data-element_type=\"widget\" data-e-type=\"widget\" data-widget_type=\"text-editor.default\">\n\t\t\t\t<div class=\"elementor-widget-container\">\n\t\t\t\t\t\t\t\t\t<p><strong>Depuraci\u00f3n<\/strong><\/p>\t\t\t\t\t\t\t\t<\/div>\n\t\t\t\t<\/div>\n\t\t\t\t\t<\/div>\n\t\t<\/div>\n\t\t\t\t<div data-dce-background-color=\"#009DE2\" class=\"elementor-column elementor-col-50 elementor-top-column elementor-element elementor-element-10acf78a\" data-id=\"10acf78a\" data-element_type=\"column\" data-e-type=\"column\" data-settings=\"{&quot;background_background&quot;:&quot;classic&quot;}\">\n\t\t\t<div class=\"elementor-widget-wrap\">\n\t\t\t\t\t\t\t<\/div>\n\t\t<\/div>\n\t\t\t\t\t<\/div>\n\t\t<\/section>\n\t\t\t\t<section data-particle_enable=\"false\" data-particle-mobile-disabled=\"false\" class=\"elementor-section elementor-top-section elementor-element elementor-element-56e69010 elementor-section-boxed elementor-section-height-default elementor-section-height-default\" data-id=\"56e69010\" data-element_type=\"section\" data-e-type=\"section\">\n\t\t\t\t\t\t<div class=\"elementor-container elementor-column-gap-default\">\n\t\t\t\t\t<div data-dce-background-color=\"#FFFFFF\" class=\"elementor-column elementor-col-100 elementor-top-column elementor-element elementor-element-7a4b94ac\" data-id=\"7a4b94ac\" data-element_type=\"column\" data-e-type=\"column\" data-settings=\"{&quot;background_background&quot;:&quot;classic&quot;}\">\n\t\t\t<div class=\"elementor-widget-wrap elementor-element-populated\">\n\t\t\t\t\t\t<section data-particle_enable=\"false\" data-particle-mobile-disabled=\"false\" class=\"elementor-section elementor-inner-section elementor-element elementor-element-4d34dfed elementor-section-boxed elementor-section-height-default elementor-section-height-default\" data-id=\"4d34dfed\" data-element_type=\"section\" data-e-type=\"section\">\n\t\t\t\t\t\t<div class=\"elementor-container elementor-column-gap-default\">\n\t\t\t\t\t<div class=\"elementor-column elementor-col-50 elementor-inner-column elementor-element elementor-element-4fd6b25f\" data-id=\"4fd6b25f\" data-element_type=\"column\" data-e-type=\"column\">\n\t\t\t<div class=\"elementor-widget-wrap elementor-element-populated\">\n\t\t\t\t\t\t<div class=\"elementor-element elementor-element-7c525025 elementor-widget elementor-widget-text-editor\" data-id=\"7c525025\" data-element_type=\"widget\" data-e-type=\"widget\" data-widget_type=\"text-editor.default\">\n\t\t\t\t<div class=\"elementor-widget-container\">\n\t\t\t\t\t\t\t\t\t<div class=\"col-lg-12 col-xl-5\"><div class=\"col-xl-5 pb-3 pb-xl-0\">Una <span class=\"font-weight-bold\">Estaci\u00f3 Depuradora d\u2019Aig\u00fces Residuals (EDAR)<\/span> \u00e9s una instal\u00b7laci\u00f3 on s&#8217;eliminen els contaminants dissolts i transportats per les aig\u00fces residuals, a trav\u00e9s de la xarxa de clavegueram i dels col\u00b7lectors en alta, i es retorna l\u2019aigua tractada al seu medi natural (els rius o directament al mar) en unes condicions que permeten garantir el correcte desenvolupament dels \u00e9ssers vius.<\/div><\/div>\t\t\t\t\t\t\t\t<\/div>\n\t\t\t\t<\/div>\n\t\t\t\t\t<\/div>\n\t\t<\/div>\n\t\t\t\t<div class=\"elementor-column elementor-col-50 elementor-inner-column elementor-element elementor-element-44e11ce\" data-id=\"44e11ce\" data-element_type=\"column\" data-e-type=\"column\">\n\t\t\t<div class=\"elementor-widget-wrap\">\n\t\t\t\t\t\t\t<\/div>\n\t\t<\/div>\n\t\t\t\t\t<\/div>\n\t\t<\/section>\n\t\t\t\t<div class=\"elementor-element elementor-element-b373e32 dce_masking-none elementor-widget elementor-widget-image\" data-id=\"b373e32\" data-element_type=\"widget\" data-e-type=\"widget\" data-widget_type=\"image.default\">\n\t\t\t\t<div class=\"elementor-widget-container\">\n\t\t\t\t\t\t\t\t\t\t\t\t\t\t\t\t<a href=\"https:\/\/cacbgi.framegirona.dev\/wp-content\/uploads\/2021\/02\/proces-depuracio.4b3205c1.jpg\" data-elementor-open-lightbox=\"yes\" data-elementor-lightbox-title=\"proces-depuracio.4b3205c1\" data-e-action-hash=\"#elementor-action%3Aaction%3Dlightbox%26settings%3DeyJpZCI6MzYzNiwidXJsIjoiaHR0cHM6XC9cL2NhY2JnaS5mcmFtZWdpcm9uYS5kZXZcL3dwLWNvbnRlbnRcL3VwbG9hZHNcLzIwMjFcLzAyXC9wcm9jZXMtZGVwdXJhY2lvLjRiMzIwNWMxLmpwZyJ9\">\n\t\t\t\t\t\t\t<img fetchpriority=\"high\" decoding=\"async\" width=\"1536\" height=\"614\" src=\"https:\/\/cacbgi.framegirona.dev\/wp-content\/uploads\/2021\/02\/proces-depuracio.4b3205c1-1536x614.jpg\" class=\"attachment-1536x1536 size-1536x1536 wp-image-3636\" alt=\"\" srcset=\"https:\/\/cacbgi.framegirona.dev\/wp-content\/uploads\/2021\/02\/proces-depuracio.4b3205c1-1536x614.jpg 1536w, https:\/\/cacbgi.framegirona.dev\/wp-content\/uploads\/2021\/02\/proces-depuracio.4b3205c1-300x120.jpg 300w, https:\/\/cacbgi.framegirona.dev\/wp-content\/uploads\/2021\/02\/proces-depuracio.4b3205c1-1024x410.jpg 1024w, https:\/\/cacbgi.framegirona.dev\/wp-content\/uploads\/2021\/02\/proces-depuracio.4b3205c1-768x307.jpg 768w, https:\/\/cacbgi.framegirona.dev\/wp-content\/uploads\/2021\/02\/proces-depuracio.4b3205c1-16x6.jpg 16w, https:\/\/cacbgi.framegirona.dev\/wp-content\/uploads\/2021\/02\/proces-depuracio.4b3205c1.jpg 1800w\" sizes=\"(max-width: 1536px) 100vw, 1536px\" \/>\t\t\t\t\t\t\t\t<\/a>\n\t\t\t\t\t\t\t\t\t\t\t\t\t\t\t<\/div>\n\t\t\t\t<\/div>\n\t\t\t\t\t<\/div>\n\t\t<\/div>\n\t\t\t\t\t<\/div>\n\t\t<\/section>\n\t\t\t\t<section data-particle_enable=\"false\" data-particle-mobile-disabled=\"false\" class=\"elementor-section elementor-top-section elementor-element elementor-element-21aa1be0 elementor-section-boxed elementor-section-height-default elementor-section-height-default\" data-id=\"21aa1be0\" data-element_type=\"section\" data-e-type=\"section\">\n\t\t\t\t\t\t<div class=\"elementor-container elementor-column-gap-default\">\n\t\t\t\t\t<div data-dce-background-color=\"#FFFFFF\" class=\"elementor-column elementor-col-100 elementor-top-column elementor-element elementor-element-2b518060\" data-id=\"2b518060\" data-element_type=\"column\" data-e-type=\"column\" data-settings=\"{&quot;background_background&quot;:&quot;classic&quot;}\">\n\t\t\t<div class=\"elementor-widget-wrap elementor-element-populated\">\n\t\t\t\t\t\t<div class=\"elementor-element elementor-element-56fe3d36 elementor-widget-divider--view-line elementor-widget elementor-widget-divider\" data-id=\"56fe3d36\" data-element_type=\"widget\" data-e-type=\"widget\" data-widget_type=\"divider.default\">\n\t\t\t\t<div class=\"elementor-widget-container\">\n\t\t\t\t\t\t\t<div class=\"elementor-divider\">\n\t\t\t<span class=\"elementor-divider-separator\">\n\t\t\t\t\t\t<\/span>\n\t\t<\/div>\n\t\t\t\t\t\t<\/div>\n\t\t\t\t<\/div>\n\t\t\t\t\t<\/div>\n\t\t<\/div>\n\t\t\t\t\t<\/div>\n\t\t<\/section>\n\t\t\t\t<\/div>","protected":false},"excerpt":{"rendered":"<p>Depuraci\u00f3 Una Estaci\u00f3 Depuradora d\u2019Aig\u00fces Residuals (EDAR) \u00e9s una instal\u00b7laci\u00f3 on s&#8217;eliminen els contaminants dissolts i transportats per les aig\u00fces residuals, a trav\u00e9s de la xarxa de clavegueram i dels col\u00b7lectors en alta, i es retorna l\u2019aigua tractada al seu medi natural (els rius o directament al mar) en unes condicions que permeten garantir el [&hellip;]<\/p>\n","protected":false},"author":2,"featured_media":0,"parent":33,"menu_order":0,"comment_status":"closed","ping_status":"closed","template":"","meta":{"_acf_changed":false,"footnotes":""},"class_list":["post-3623","page","type-page","status-publish","hentry"],"acf":[],"_links":{"self":[{"href":"https:\/\/cacbgi.framegirona.dev\/es\/wp-json\/wp\/v2\/pages\/3623","targetHints":{"allow":["GET"]}}],"collection":[{"href":"https:\/\/cacbgi.framegirona.dev\/es\/wp-json\/wp\/v2\/pages"}],"about":[{"href":"https:\/\/cacbgi.framegirona.dev\/es\/wp-json\/wp\/v2\/types\/page"}],"author":[{"embeddable":true,"href":"https:\/\/cacbgi.framegirona.dev\/es\/wp-json\/wp\/v2\/users\/2"}],"replies":[{"embeddable":true,"href":"https:\/\/cacbgi.framegirona.dev\/es\/wp-json\/wp\/v2\/comments?post=3623"}],"version-history":[{"count":12,"href":"https:\/\/cacbgi.framegirona.dev\/es\/wp-json\/wp\/v2\/pages\/3623\/revisions"}],"predecessor-version":[{"id":4889,"href":"https:\/\/cacbgi.framegirona.dev\/es\/wp-json\/wp\/v2\/pages\/3623\/revisions\/4889"}],"up":[{"embeddable":true,"href":"https:\/\/cacbgi.framegirona.dev\/es\/wp-json\/wp\/v2\/pages\/33"}],"wp:attachment":[{"href":"https:\/\/cacbgi.framegirona.dev\/es\/wp-json\/wp\/v2\/media?parent=3623"}],"curies":[{"name":"wp","href":"https:\/\/api.w.org\/{rel}","templated":true}]}}